{"id":15517,"date":"2025-12-19T12:27:01","date_gmt":"2025-12-19T11:27:01","guid":{"rendered":"https:\/\/forchy.com\/?post_type=product&#038;p=15517"},"modified":"2025-12-29T11:44:46","modified_gmt":"2025-12-29T10:44:46","slug":"cake-banane","status":"publish","type":"product","link":"https:\/\/forchy.com\/en\/produit\/cake-banane\/","title":{"rendered":"Le cake banane chocolat"},"content":{"rendered":"<p>Un savoureux cake \u00e0 la pur\u00e9e de banane avec de g\u00e9n\u00e9reuses p\u00e9pites de chocolat.<\/p>\n<p>Une recette aux \u0153ufs frais, farine de bl\u00e9 et sucre fran\u00e7ais.<\/p>\n<p>&nbsp;<\/p>\n","protected":false},"excerpt":{"rendered":"<p>Un d\u00e9licieux g\u00e2teau \u00e0 la banane et aux p\u00e9pites de chocolat.<\/p>\n<p>A la farine de bl\u00e9s Fran\u00e7ais et sucre Fran\u00e7ais.<\/p>\n","protected":false},"featured_media":15518,"comment_status":"open","ping_status":"closed","template":"","meta":{"_acf_changed":false,"_exactmetrics_skip_tracking":false,"_exactmetrics_sitenote_active":false,"_exactmetrics_sitenote_note":"","_exactmetrics_sitenote_category":0},"product_cat":[26],"product_tag":[],"class_list":{"0":"post-15517","1":"product","2":"type-product","3":"status-publish","4":"has-post-thumbnail","6":"product_cat-cakes","8":"first","9":"instock","10":"taxable","11":"shipping-taxable","12":"product-type-simple"},"acf":[],"yoast_head":"<!-- This site is optimized with the Yoast SEO plugin v24.5 - https:\/\/yoast.com\/wordpress\/plugins\/seo\/ -->\n<title>Cake banane chocolat<\/title>\n<meta name=\"description\" content=\"Un savoureux cake \u00e0 la banane et p\u00e9pites de chocolat. Un cake fondant en bouche avec des p\u00e9pites croquantes pour encore plus de plaisir.\" \/>\n<meta name=\"robots\" content=\"index, follow, max-snippet:-1, max-image-preview:large, max-video-preview:-1\" \/>\n<link rel=\"canonical\" href=\"https:\/\/forchy.com\/produit\/cake-banane\/\" \/>\n<meta property=\"og:locale\" content=\"en_US\" \/>\n<meta property=\"og:type\" content=\"article\" \/>\n<meta property=\"og:title\" content=\"Cake banane chocolat\" \/>\n<meta property=\"og:description\" content=\"Un savoureux cake \u00e0 la banane et p\u00e9pites de chocolat. Un cake fondant en bouche avec des p\u00e9pites croquantes pour encore plus de plaisir.\" \/>\n<meta property=\"og:url\" content=\"https:\/\/forchy.com\/produit\/cake-banane\/\" \/>\n<meta property=\"og:site_name\" content=\"Forchy\" \/>\n<meta property=\"article:modified_time\" content=\"2025-12-29T10:44:46+00:00\" \/>\n<meta property=\"og:image\" content=\"https:\/\/forchy.com\/wp-content\/uploads\/2025\/12\/CAKE-BANANE.png\" \/>\n\t<meta property=\"og:image:width\" content=\"1000\" \/>\n\t<meta property=\"og:image:height\" content=\"1000\" \/>\n\t<meta property=\"og:image:type\" content=\"image\/png\" \/>\n<meta name=\"twitter:card\" content=\"summary_large_image\" \/>\n<meta name=\"twitter:label1\" content=\"Est. reading time\" \/>\n\t<meta name=\"twitter:data1\" content=\"1 minute\" \/>\n<script type=\"application\/ld+json\" class=\"yoast-schema-graph\">{\"@context\":\"https:\/\/schema.org\",\"@graph\":[{\"@type\":\"WebPage\",\"@id\":\"https:\/\/forchy.com\/produit\/cake-banane\/\",\"url\":\"https:\/\/forchy.com\/produit\/cake-banane\/\",\"name\":\"Cake banane chocolat\",\"isPartOf\":{\"@id\":\"https:\/\/forchy.com\/#website\"},\"primaryImageOfPage\":{\"@id\":\"https:\/\/forchy.com\/produit\/cake-banane\/#primaryimage\"},\"image\":{\"@id\":\"https:\/\/forchy.com\/produit\/cake-banane\/#primaryimage\"},\"thumbnailUrl\":\"https:\/\/forchy.com\/wp-content\/uploads\/2025\/12\/CAKE-BANANE.png\",\"datePublished\":\"2025-12-19T11:27:01+00:00\",\"dateModified\":\"2025-12-29T10:44:46+00:00\",\"description\":\"Un savoureux cake \u00e0 la banane et p\u00e9pites de chocolat. Un cake fondant en bouche avec des p\u00e9pites croquantes pour encore plus de plaisir.\",\"breadcrumb\":{\"@id\":\"https:\/\/forchy.com\/produit\/cake-banane\/#breadcrumb\"},\"inLanguage\":\"en-US\",\"potentialAction\":[{\"@type\":\"ReadAction\",\"target\":[\"https:\/\/forchy.com\/produit\/cake-banane\/\"]}]},{\"@type\":\"ImageObject\",\"inLanguage\":\"en-US\",\"@id\":\"https:\/\/forchy.com\/produit\/cake-banane\/#primaryimage\",\"url\":\"https:\/\/forchy.com\/wp-content\/uploads\/2025\/12\/CAKE-BANANE.png\",\"contentUrl\":\"https:\/\/forchy.com\/wp-content\/uploads\/2025\/12\/CAKE-BANANE.png\",\"width\":1000,\"height\":1000,\"caption\":\"CAKE BANANE CHOCOLAT\"},{\"@type\":\"BreadcrumbList\",\"@id\":\"https:\/\/forchy.com\/produit\/cake-banane\/#breadcrumb\",\"itemListElement\":[{\"@type\":\"ListItem\",\"position\":1,\"name\":\"Nos p\u00e2tisseries\",\"item\":\"https:\/\/forchy.com\/sepcialites\/\"},{\"@type\":\"ListItem\",\"position\":2,\"name\":\"Cakes\",\"item\":\"https:\/\/forchy.com\/categorie-produit\/cakes\/\"},{\"@type\":\"ListItem\",\"position\":3,\"name\":\"Le cake banane chocolat\"}]},{\"@type\":\"WebSite\",\"@id\":\"https:\/\/forchy.com\/#website\",\"url\":\"https:\/\/forchy.com\/\",\"name\":\"Forchy\",\"description\":\"P\u00e2tisserie\",\"potentialAction\":[{\"@type\":\"SearchAction\",\"target\":{\"@type\":\"EntryPoint\",\"urlTemplate\":\"https:\/\/forchy.com\/?s={search_term_string}\"},\"query-input\":{\"@type\":\"PropertyValueSpecification\",\"valueRequired\":true,\"valueName\":\"search_term_string\"}}],\"inLanguage\":\"en-US\"}]}<\/script>\n<!-- \/ Yoast SEO plugin. -->","yoast_head_json":{"title":"Cake banane chocolat","description":"Un savoureux cake \u00e0 la banane et p\u00e9pites de chocolat. Un cake fondant en bouche avec des p\u00e9pites croquantes pour encore plus de plaisir.","robots":{"index":"index","follow":"follow","max-snippet":"max-snippet:-1","max-image-preview":"max-image-preview:large","max-video-preview":"max-video-preview:-1"},"canonical":"https:\/\/forchy.com\/produit\/cake-banane\/","og_locale":"en_US","og_type":"article","og_title":"Cake banane chocolat","og_description":"Un savoureux cake \u00e0 la banane et p\u00e9pites de chocolat. Un cake fondant en bouche avec des p\u00e9pites croquantes pour encore plus de plaisir.","og_url":"https:\/\/forchy.com\/produit\/cake-banane\/","og_site_name":"Forchy","article_modified_time":"2025-12-29T10:44:46+00:00","og_image":[{"width":1000,"height":1000,"url":"https:\/\/forchy.com\/wp-content\/uploads\/2025\/12\/CAKE-BANANE.png","type":"image\/png"}],"twitter_card":"summary_large_image","twitter_misc":{"Est. reading time":"1 minute"},"schema":{"@context":"https:\/\/schema.org","@graph":[{"@type":"WebPage","@id":"https:\/\/forchy.com\/produit\/cake-banane\/","url":"https:\/\/forchy.com\/produit\/cake-banane\/","name":"Cake banane chocolat","isPartOf":{"@id":"https:\/\/forchy.com\/#website"},"primaryImageOfPage":{"@id":"https:\/\/forchy.com\/produit\/cake-banane\/#primaryimage"},"image":{"@id":"https:\/\/forchy.com\/produit\/cake-banane\/#primaryimage"},"thumbnailUrl":"https:\/\/forchy.com\/wp-content\/uploads\/2025\/12\/CAKE-BANANE.png","datePublished":"2025-12-19T11:27:01+00:00","dateModified":"2025-12-29T10:44:46+00:00","description":"Un savoureux cake \u00e0 la banane et p\u00e9pites de chocolat. Un cake fondant en bouche avec des p\u00e9pites croquantes pour encore plus de plaisir.","breadcrumb":{"@id":"https:\/\/forchy.com\/produit\/cake-banane\/#breadcrumb"},"inLanguage":"en-US","potentialAction":[{"@type":"ReadAction","target":["https:\/\/forchy.com\/produit\/cake-banane\/"]}]},{"@type":"ImageObject","inLanguage":"en-US","@id":"https:\/\/forchy.com\/produit\/cake-banane\/#primaryimage","url":"https:\/\/forchy.com\/wp-content\/uploads\/2025\/12\/CAKE-BANANE.png","contentUrl":"https:\/\/forchy.com\/wp-content\/uploads\/2025\/12\/CAKE-BANANE.png","width":1000,"height":1000,"caption":"CAKE BANANE CHOCOLAT"},{"@type":"BreadcrumbList","@id":"https:\/\/forchy.com\/produit\/cake-banane\/#breadcrumb","itemListElement":[{"@type":"ListItem","position":1,"name":"Nos p\u00e2tisseries","item":"https:\/\/forchy.com\/sepcialites\/"},{"@type":"ListItem","position":2,"name":"Cakes","item":"https:\/\/forchy.com\/categorie-produit\/cakes\/"},{"@type":"ListItem","position":3,"name":"Le cake banane chocolat"}]},{"@type":"WebSite","@id":"https:\/\/forchy.com\/#website","url":"https:\/\/forchy.com\/","name":"Forchy","description":"P\u00e2tisserie","potentialAction":[{"@type":"SearchAction","target":{"@type":"EntryPoint","urlTemplate":"https:\/\/forchy.com\/?s={search_term_string}"},"query-input":{"@type":"PropertyValueSpecification","valueRequired":true,"valueName":"search_term_string"}}],"inLanguage":"en-US"}]}},"_links":{"self":[{"href":"https:\/\/forchy.com\/en\/wp-json\/wp\/v2\/product\/15517","targetHints":{"allow":["GET"]}}],"collection":[{"href":"https:\/\/forchy.com\/en\/wp-json\/wp\/v2\/product"}],"about":[{"href":"https:\/\/forchy.com\/en\/wp-json\/wp\/v2\/types\/product"}],"replies":[{"embeddable":true,"href":"https:\/\/forchy.com\/en\/wp-json\/wp\/v2\/comments?post=15517"}],"wp:featuredmedia":[{"embeddable":true,"href":"https:\/\/forchy.com\/en\/wp-json\/wp\/v2\/media\/15518"}],"wp:attachment":[{"href":"https:\/\/forchy.com\/en\/wp-json\/wp\/v2\/media?parent=15517"}],"wp:term":[{"taxonomy":"product_cat","embeddable":true,"href":"https:\/\/forchy.com\/en\/wp-json\/wp\/v2\/product_cat?post=15517"},{"taxonomy":"product_tag","embeddable":true,"href":"https:\/\/forchy.com\/en\/wp-json\/wp\/v2\/product_tag?post=15517"}],"curies":[{"name":"wp","href":"https:\/\/api.w.org\/{rel}","templated":true}]}}